{"id":430,"date":"2026-03-11T11:31:02","date_gmt":"2026-03-11T11:31:02","guid":{"rendered":"https:\/\/limitlesslanguage.academy\/?page_id=430"},"modified":"2026-03-23T09:25:20","modified_gmt":"2026-03-23T09:25:20","slug":"unsere-kurse","status":"publish","type":"page","link":"https:\/\/limitlesslanguage.academy\/ar\/unsere-kurse\/","title":{"rendered":"Unsere Kurse"},"content":{"rendered":"<h1 class=\"wp-block-heading\">Unsere Deutschkurse<\/h1>\n\n\n\n<p>Unsere Deutschkurse helfen dir dabei, die deutsche Sprache Schritt f\u00fcr Schritt zu lernen und sicher im Alltag anzuwenden. Die Kurse sind praxisnah aufgebaut und richten sich besonders an Menschen, die Deutsch f\u00fcr ihr Leben in Deutschland, f\u00fcr den Beruf oder f\u00fcr den Alltag lernen m\u00f6chten.<\/p>\n\n\n\n<p>Bei der Limitless Language Academy steht verst\u00e4ndliches Lernen im Mittelpunkt. Die Inhalte sind klar erkl\u00e4rt, strukturiert aufgebaut und unterst\u00fctzen dich dabei, dein Deutsch nachhaltig zu verbessern.<\/p>\n\n\n\n<hr class=\"wp-block-separator has-alpha-channel-opacity\"\/>\n\n\n\n<h1 class=\"wp-block-heading\"><strong>Deutsch A1 Intensivkurs (Online)<\/strong><\/h1>\n\n\n\n<p>Start:&nbsp;<strong>06. April 2026<\/strong><\/p>\n\n\n\n<p>In diesem Intensivkurs lernen Sie die Grundlagen der deutschen Sprache auf Niveau A1.Der Kurs richtet sich an Anf\u00e4nger ohne oder mit geringen Deutschkenntnissen.<br>Der Unterricht findet live online in kleinen Gruppen statt.<\/p>\n\n\n\n<ul class=\"wp-block-list\">\n<li>Dauer:&nbsp;<strong>6 Wochen<\/strong><\/li>\n\n\n\n<li>Unterricht:&nbsp;<strong>Montag \u2013 Donnerstag<\/strong><\/li>\n\n\n\n<li>Uhrzeit:\u00a0<strong>8:30 bis 12:30 Uhr<\/strong><\/li>\n\n\n\n<li>Teilnehmer:&nbsp;<strong>max. 10 Personen<\/strong><\/li>\n\n\n\n<li>Unterricht \u00fcber Zoom<\/li>\n<\/ul>\n\n\n\n<p><\/p>\n\n\n\n<p>Early Bird Preis:&nbsp;<strong>199 \u20ac<\/strong><br>Regul\u00e4rer Preis:&nbsp;<strong>249 \u20ac<\/strong><\/p>\n\n\n\n<div class=\"wp-block-buttons is-layout-flex wp-block-buttons-is-layout-flex\">\n<div class=\"wp-block-button\"><a class=\"wp-block-button__link wp-element-button\" href=\"mailto:info@limitlesslanguage.academy?subject=Anmeldung Deutsch A1 Intensivkurs\" target=\"_blank\" rel=\"noreferrer noopener\">Jetzt anmelden<\/a><\/div>\n<\/div>","protected":false},"excerpt":{"rendered":"<p>Unsere Deutschkurse Unsere Deutschkurse helfen dir dabei, die deutsche Sprache Schritt f\u00fcr Schritt zu lernen und sicher im Alltag anzuwenden. Die Kurse sind praxisnah aufgebaut und richten sich besonders an Menschen, die Deutsch f\u00fcr ihr Leben in Deutschland, f\u00fcr den Beruf oder f\u00fcr den Alltag lernen m\u00f6chten. Bei der Limitless Language Academy steht verst\u00e4ndliches Lernen [&hellip;]<\/p>\n","protected":false},"author":1,"featured_media":0,"parent":0,"menu_order":0,"comment_status":"closed","ping_status":"closed","template":"page-with-title","meta":{"footnotes":""},"class_list":["post-430","page","type-page","status-publish","hentry"],"jetpack_sharing_enabled":true,"_links":{"self":[{"href":"https:\/\/limitlesslanguage.academy\/ar\/wp-json\/wp\/v2\/pages\/430","targetHints":{"allow":["GET"]}}],"collection":[{"href":"https:\/\/limitlesslanguage.academy\/ar\/wp-json\/wp\/v2\/pages"}],"about":[{"href":"https:\/\/limitlesslanguage.academy\/ar\/wp-json\/wp\/v2\/types\/page"}],"author":[{"embeddable":true,"href":"https:\/\/limitlesslanguage.academy\/ar\/wp-json\/wp\/v2\/users\/1"}],"replies":[{"embeddable":true,"href":"https:\/\/limitlesslanguage.academy\/ar\/wp-json\/wp\/v2\/comments?post=430"}],"version-history":[{"count":21,"href":"https:\/\/limitlesslanguage.academy\/ar\/wp-json\/wp\/v2\/pages\/430\/revisions"}],"predecessor-version":[{"id":472,"href":"https:\/\/limitlesslanguage.academy\/ar\/wp-json\/wp\/v2\/pages\/430\/revisions\/472"}],"wp:attachment":[{"href":"https:\/\/limitlesslanguage.academy\/ar\/wp-json\/wp\/v2\/media?parent=430"}],"curies":[{"name":"wp","href":"https:\/\/api.w.org\/{rel}","templated":true}]}}