{"id":438,"date":"2026-03-11T11:46:23","date_gmt":"2026-03-11T11:46:23","guid":{"rendered":"https:\/\/limitlesslanguage.academy\/?page_id=438"},"modified":"2026-03-11T11:46:26","modified_gmt":"2026-03-11T11:46:26","slug":"datenschutzerklaerung","status":"publish","type":"page","link":"https:\/\/limitlesslanguage.academy\/ar\/datenschutzerklaerung\/","title":{"rendered":"Datenschutzerkl\u00e4rung"},"content":{"rendered":"<h2 class=\"wp-block-heading\">1. Allgemeine Hinweise<\/h2>\n\n\n\n<p>Der Schutz Ihrer pers\u00f6nlichen Daten ist uns ein wichtiges Anliegen. In dieser Datenschutzerkl\u00e4rung informieren wir Sie dar\u00fcber, welche personenbezogenen Daten auf dieser Website erhoben werden und wie wir diese Daten verwenden.<\/p>\n\n\n\n<p>Personenbezogene Daten sind alle Daten, mit denen Sie pers\u00f6nlich identifiziert werden k\u00f6nnen.<\/p>\n\n\n\n<hr class=\"wp-block-separator has-alpha-channel-opacity\"\/>\n\n\n\n<h2 class=\"wp-block-heading\">2. Verantwortliche Stelle<\/h2>\n\n\n\n<p>Verantwortlich f\u00fcr die Datenverarbeitung auf dieser Website ist:<\/p>\n\n\n\n<p>Haifa Eshawesh-Arebi<br>Limitless Language Academy<\/p>\n\n\n\n<p>E-Mail:&nbsp;<a>info@limitlesslanguage.academy<\/a><br>Website:&nbsp;<a href=\"https:\/\/limitlesslanguage.academy\/ar\/?utm_source=chatgpt.com\">https:\/\/limitlesslanguage.academy<\/a><\/p>\n\n\n\n<hr class=\"wp-block-separator has-alpha-channel-opacity\"\/>\n\n\n\n<h2 class=\"wp-block-heading\">3. Erhebung und Speicherung personenbezogener Daten<\/h2>\n\n\n\n<p>Beim Besuch unserer Website werden automatisch Informationen durch den Hosting-Provider erfasst. Diese Informationen werden in sogenannten Server-Log-Dateien gespeichert.<\/p>\n\n\n\n<p>Erfasst werden k\u00f6nnen:<\/p>\n\n\n\n<ul class=\"wp-block-list\">\n<li>Browsertyp und Browserversion<\/li>\n\n\n\n<li>verwendetes Betriebssystem<\/li>\n\n\n\n<li>Referrer URL<\/li>\n\n\n\n<li>Hostname des zugreifenden Rechners<\/li>\n\n\n\n<li>Uhrzeit der Serveranfrage<\/li>\n\n\n\n<li>IP-Adresse<\/li>\n<\/ul>\n\n\n\n<p>Diese Daten werden erhoben, um eine technisch fehlerfreie Darstellung der Website sicherzustellen.<\/p>\n\n\n\n<hr class=\"wp-block-separator has-alpha-channel-opacity\"\/>\n\n\n\n<h2 class=\"wp-block-heading\">4. Hosting<\/h2>\n\n\n\n<p>Diese Website wird bei dem Hosting-Anbieter&nbsp;<strong>IONOS<\/strong>&nbsp;gehostet.<\/p>\n\n\n\n<p>Der Anbieter speichert automatisch Informationen in sogenannten Server-Log-Dateien, die Ihr Browser automatisch \u00fcbermittelt.<\/p>\n\n\n\n<p>Weitere Informationen finden Sie in der Datenschutzerkl\u00e4rung von IONOS.<\/p>\n\n\n\n<hr class=\"wp-block-separator has-alpha-channel-opacity\"\/>\n\n\n\n<h2 class=\"wp-block-heading\">5. Kontaktformular<\/h2>\n\n\n\n<p>Wenn Sie uns \u00fcber das Kontaktformular kontaktieren, werden Ihre Angaben aus dem Formular inklusive der von Ihnen angegebenen Kontaktdaten gespeichert, um Ihre Anfrage zu bearbeiten.<\/p>\n\n\n\n<p>Diese Daten werden nicht ohne Ihre Einwilligung weitergegeben.<\/p>\n\n\n\n<hr class=\"wp-block-separator has-alpha-channel-opacity\"\/>\n\n\n\n<h2 class=\"wp-block-heading\">6. E-Mail Kontakt<\/h2>\n\n\n\n<p>Wenn Sie uns per E-Mail kontaktieren, werden die von Ihnen \u00fcbermittelten Daten gespeichert, um Ihre Anfrage zu bearbeiten.<\/p>\n\n\n\n<p>Diese Daten geben wir nicht ohne Ihre Einwilligung weiter.<\/p>\n\n\n\n<hr class=\"wp-block-separator has-alpha-channel-opacity\"\/>\n\n\n\n<h2 class=\"wp-block-heading\">7. Cookies<\/h2>\n\n\n\n<p>Unsere Website kann sogenannte Cookies verwenden. Cookies sind kleine Textdateien, die auf Ihrem Endger\u00e4t gespeichert werden.<\/p>\n\n\n\n<p>Cookies dienen dazu, unsere Website benutzerfreundlicher und effektiver zu machen.<\/p>\n\n\n\n<p>Sie k\u00f6nnen Ihren Browser so einstellen, dass Sie \u00fcber das Setzen von Cookies informiert werden oder Cookies nur im Einzelfall erlauben.<\/p>\n\n\n\n<hr class=\"wp-block-separator has-alpha-channel-opacity\"\/>\n\n\n\n<h2 class=\"wp-block-heading\">8. Ihre Rechte<\/h2>\n\n\n\n<p>Sie haben jederzeit das Recht auf:<\/p>\n\n\n\n<ul class=\"wp-block-list\">\n<li>Auskunft \u00fcber Ihre gespeicherten Daten<\/li>\n\n\n\n<li>Berichtigung Ihrer Daten<\/li>\n\n\n\n<li>L\u00f6schung Ihrer Daten<\/li>\n\n\n\n<li>Einschr\u00e4nkung der Verarbeitung<\/li>\n\n\n\n<li>Widerspruch gegen die Verarbeitung<\/li>\n<\/ul>\n\n\n\n<p>Wenn Sie Fragen zum Datenschutz haben, k\u00f6nnen Sie uns jederzeit kontaktieren.<\/p>\n\n\n\n<hr class=\"wp-block-separator has-alpha-channel-opacity\"\/>\n\n\n\n<h2 class=\"wp-block-heading\">9. \u00c4nderungen der Datenschutzerkl\u00e4rung<\/h2>\n\n\n\n<p>Wir behalten uns vor, diese Datenschutzerkl\u00e4rung anzupassen, damit sie stets den aktuellen rechtlichen Anforderungen entspricht oder um \u00c4nderungen unserer Leistungen umzusetzen.<\/p>","protected":false},"excerpt":{"rendered":"<p>1. Allgemeine Hinweise Der Schutz Ihrer pers\u00f6nlichen Daten ist uns ein wichtiges Anliegen. In dieser Datenschutzerkl\u00e4rung informieren wir Sie dar\u00fcber, welche personenbezogenen Daten auf dieser Website erhoben werden und wie wir diese Daten verwenden. Personenbezogene Daten sind alle Daten, mit denen Sie pers\u00f6nlich identifiziert werden k\u00f6nnen. 2. Verantwortliche Stelle Verantwortlich f\u00fcr die Datenverarbeitung auf dieser [&hellip;]<\/p>\n","protected":false},"author":1,"featured_media":0,"parent":0,"menu_order":0,"comment_status":"closed","ping_status":"closed","template":"page-with-title","meta":{"footnotes":""},"class_list":["post-438","page","type-page","status-publish","hentry"],"jetpack_sharing_enabled":true,"_links":{"self":[{"href":"https:\/\/limitlesslanguage.academy\/ar\/wp-json\/wp\/v2\/pages\/438","targetHints":{"allow":["GET"]}}],"collection":[{"href":"https:\/\/limitlesslanguage.academy\/ar\/wp-json\/wp\/v2\/pages"}],"about":[{"href":"https:\/\/limitlesslanguage.academy\/ar\/wp-json\/wp\/v2\/types\/page"}],"author":[{"embeddable":true,"href":"https:\/\/limitlesslanguage.academy\/ar\/wp-json\/wp\/v2\/users\/1"}],"replies":[{"embeddable":true,"href":"https:\/\/limitlesslanguage.academy\/ar\/wp-json\/wp\/v2\/comments?post=438"}],"version-history":[{"count":1,"href":"https:\/\/limitlesslanguage.academy\/ar\/wp-json\/wp\/v2\/pages\/438\/revisions"}],"predecessor-version":[{"id":439,"href":"https:\/\/limitlesslanguage.academy\/ar\/wp-json\/wp\/v2\/pages\/438\/revisions\/439"}],"wp:attachment":[{"href":"https:\/\/limitlesslanguage.academy\/ar\/wp-json\/wp\/v2\/media?parent=438"}],"curies":[{"name":"wp","href":"https:\/\/api.w.org\/{rel}","templated":true}]}}